{"id":11804,"date":"2022-08-30T12:59:39","date_gmt":"2022-08-30T10:59:39","guid":{"rendered":"http:\/\/prim-clerval.ac-besancon.fr\/?page_id=11804"},"modified":"2025-08-29T11:28:38","modified_gmt":"2025-08-29T09:28:38","slug":"rentree-2022-2023","status":"publish","type":"page","link":"http:\/\/prim-clerval.ac-besancon.fr\/?page_id=11804","title":{"rendered":"Rentr\u00e9e 2025-2026"},"content":{"rendered":"<pre>Rentr\u00e9e<\/pre>\n<p>La rentr\u00e9e aura lieu le lundi 1er septembre entre 8h20 et 8h30. Seuls les parents de CP pourront accompagner leur enfant.<\/p>\n<p>Pour la s\u00e9curit\u00e9 de tous, le jour de la rentr\u00e9e, merci de ne pas stationner sur le parking r\u00e9serv\u00e9 aux bus et sur le trottoir en face afin de laisser man\u0153uvrer les conducteurs de bus.<\/p>\n<pre>Documents de rentr\u00e9e<\/pre>\n<p>Tous les documents seront distribu\u00e9s le jour de la rentr\u00e9e.<\/p>\n<ul>\n<li><a href=\"http:\/\/prim-clerval.ac-besancon.fr\/wp-content\/uploads\/sites\/18\/2025\/08\/informations-de-rentree-2025-2026.pdf\">informations de rentr\u00e9e 2025-2026<\/a><\/li>\n<li><a href=\"http:\/\/prim-clerval.ac-besancon.fr\/wp-content\/uploads\/sites\/18\/2025\/08\/formulaire_renseignements_urgence-2025-2026.pdf\">formulaire_renseignements_urgence 2025 2026<\/a><\/li>\n<\/ul>\n<ul>\n<li><a href=\"http:\/\/prim-clerval.ac-besancon.fr\/wp-content\/uploads\/sites\/18\/2016\/03\/Aide-fiche-de-renseignements-codes-profession.pdf\">Aide fiche de renseignements &#8211; codes profession<\/a><\/li>\n<\/ul>\n<pre>Transports<\/pre>\n<p>Pour les \u00e9l\u00e8ves ext\u00e9rieurs \u00e0 Clerval, merci d&rsquo;inscrire votre enfant pour les transports du conseil r\u00e9gional <a href=\"https:\/\/www.bourgognefranchecomte.fr\/transports-scolaires-dans-le-doubs\" target=\"_blank\" rel=\"noopener noreferrer\">ici<\/a> avant le 11 juillet.<\/p>\n<p style=\"text-align: center\"><a href=\"http:\/\/prim-clerval.ac-besancon.fr\/wp-content\/uploads\/sites\/18\/2016\/03\/site-conseil-r\u00e9gional.jpg\" data-rel=\"lightbox-image-0\" data-rl_title=\"\" data-rl_caption=\"\" title=\"\"><img loading=\"lazy\" decoding=\"async\" class=\"alignnone wp-image-7141 size-thumbnail\" src=\"http:\/\/prim-clerval.ac-besancon.fr\/wp-content\/uploads\/sites\/18\/2016\/03\/site-conseil-r\u00e9gional-150x150.jpg\" alt=\"\" width=\"150\" height=\"150\" \/><\/a><\/p>\n<p>&nbsp;<\/p>\n<pre>Liste des classes<\/pre>\n<ul>\n<li><a href=\"http:\/\/prim-clerval.ac-besancon.fr\/wp-content\/uploads\/sites\/18\/2025\/07\/CP-Mme-Vonin.pdf\">CP Mme Vonin<\/a><\/li>\n<li><a href=\"http:\/\/prim-clerval.ac-besancon.fr\/wp-content\/uploads\/sites\/18\/2025\/07\/CE1-Mme-Firanczuk.pdf\">CE1 Mme Firanczuk<\/a><\/li>\n<li><a href=\"http:\/\/prim-clerval.ac-besancon.fr\/wp-content\/uploads\/sites\/18\/2025\/07\/CE2-Mme-Chaussat.pdf\">CE2 Mme Chaussat<\/a><\/li>\n<li><a href=\"http:\/\/prim-clerval.ac-besancon.fr\/wp-content\/uploads\/sites\/18\/2025\/07\/CM1-M.-Magnin.pdf\">CM1 M. Magnin<\/a><\/li>\n<li><a href=\"http:\/\/prim-clerval.ac-besancon.fr\/wp-content\/uploads\/sites\/18\/2025\/07\/CM1CM2-Mme-Magnin-Feysot.pdf\">CM1CM2 Mme Magnin-Feysot<\/a><\/li>\n<li><a href=\"http:\/\/prim-clerval.ac-besancon.fr\/wp-content\/uploads\/sites\/18\/2025\/07\/CM2-M.-Lenoir.pdf\">CM2 M. Lenoir<\/a><\/li>\n<\/ul>\n<pre>Fournitures scolaires<\/pre>\n<p><a href=\"http:\/\/prim-clerval.ac-besancon.fr\/?page_id=11808\">Fournitures scolaires 2025-2026<\/a><\/p>\n","protected":false},"excerpt":{"rendered":"<p>Rentr\u00e9e La rentr\u00e9e aura lieu le lundi 1er septembre entre 8h20 et 8h30. Seuls les parents de CP pourront accompagner leur enfant. Pour la s\u00e9curit\u00e9 &hellip; <\/p>\n","protected":false},"author":14,"featured_media":0,"parent":0,"menu_order":0,"comment_status":"closed","ping_status":"closed","template":"","meta":{"footnotes":""},"class_list":["post-11804","page","type-page","status-publish","hentry"],"_links":{"self":[{"href":"http:\/\/prim-clerval.ac-besancon.fr\/index.php?rest_route=\/wp\/v2\/pages\/11804","targetHints":{"allow":["GET"]}}],"collection":[{"href":"http:\/\/prim-clerval.ac-besancon.fr\/index.php?rest_route=\/wp\/v2\/pages"}],"about":[{"href":"http:\/\/prim-clerval.ac-besancon.fr\/index.php?rest_route=\/wp\/v2\/types\/page"}],"author":[{"embeddable":true,"href":"http:\/\/prim-clerval.ac-besancon.fr\/index.php?rest_route=\/wp\/v2\/users\/14"}],"replies":[{"embeddable":true,"href":"http:\/\/prim-clerval.ac-besancon.fr\/index.php?rest_route=%2Fwp%2Fv2%2Fcomments&post=11804"}],"version-history":[{"count":21,"href":"http:\/\/prim-clerval.ac-besancon.fr\/index.php?rest_route=\/wp\/v2\/pages\/11804\/revisions"}],"predecessor-version":[{"id":15973,"href":"http:\/\/prim-clerval.ac-besancon.fr\/index.php?rest_route=\/wp\/v2\/pages\/11804\/revisions\/15973"}],"wp:attachment":[{"href":"http:\/\/prim-clerval.ac-besancon.fr\/index.php?rest_route=%2Fwp%2Fv2%2Fmedia&parent=11804"}],"curies":[{"name":"wp","href":"https:\/\/api.w.org\/{rel}","templated":true}]}}