{"id":11808,"date":"2022-08-30T13:05:06","date_gmt":"2022-08-30T11:05:06","guid":{"rendered":"http:\/\/prim-clerval.ac-besancon.fr\/?page_id=11808"},"modified":"2025-07-01T15:50:41","modified_gmt":"2025-07-01T13:50:41","slug":"fournitures-scolaires","status":"publish","type":"page","link":"http:\/\/prim-clerval.ac-besancon.fr\/?page_id=11808","title":{"rendered":"Fournitures scolaires 2025-2026"},"content":{"rendered":"<p>Les livres, les cahiers et les feuilles sont fournis par l&rsquo;\u00e9cole.<\/p>\n<p>CP (Mme Vonin) : <a href=\"http:\/\/prim-clerval.ac-besancon.fr\/wp-content\/uploads\/sites\/18\/2025\/07\/Liste-materiel-rentree-scolaire-cp.pdf\">Liste mat\u00e9riel rentr\u00e9e scolaire cp<\/a><\/p>\n<p>CE1 (Mme Firanczuk) : <a href=\"http:\/\/prim-clerval.ac-besancon.fr\/wp-content\/uploads\/sites\/18\/2025\/07\/Liste-materiel-rentree-scolaire-ce1.pdf\">Liste mat\u00e9riel rentr\u00e9e scolaire ce1<\/a><\/p>\n<p>CE2 (Mme Chaussat) : <a href=\"http:\/\/prim-clerval.ac-besancon.fr\/wp-content\/uploads\/sites\/18\/2025\/07\/Liste-materiel-rentree-scolaire-ce2.pdf\">Liste mat\u00e9riel rentr\u00e9e scolaire ce2<\/a><\/p>\n<p>CM1 (M. MAGNIN) : <a href=\"http:\/\/prim-clerval.ac-besancon.fr\/wp-content\/uploads\/sites\/18\/2025\/07\/Liste-materiel-rentree-scolaire-cm1.pdf\">Liste mat\u00e9riel rentr\u00e9e scolaire cm1<\/a><\/p>\n<p>CM1\/CM2 (Mme MAGNIN-FEYSOT) : <a href=\"http:\/\/prim-clerval.ac-besancon.fr\/wp-content\/uploads\/sites\/18\/2025\/07\/Liste-materiel-rentree-scolaire-cm1cm2.pdf\">Liste mat\u00e9riel rentr\u00e9e scolaire cm1cm2<\/a><\/p>\n<p>CM2\u00a0 (M. LENOIR) : <a href=\"http:\/\/prim-clerval.ac-besancon.fr\/wp-content\/uploads\/sites\/18\/2025\/07\/Liste-materiel-rentree-scolaire-cm2.pdf\">Liste mat\u00e9riel rentr\u00e9e scolaire cm2<\/a><\/p>\n","protected":false},"excerpt":{"rendered":"<p>Les livres, les cahiers et les feuilles sont fournis par l&rsquo;\u00e9cole. CP (Mme Vonin) : Liste mat\u00e9riel rentr\u00e9e scolaire cp CE1 (Mme Firanczuk) : Liste &hellip; <\/p>\n","protected":false},"author":14,"featured_media":0,"parent":0,"menu_order":0,"comment_status":"closed","ping_status":"closed","template":"","meta":{"footnotes":""},"class_list":["post-11808","page","type-page","status-publish","hentry"],"_links":{"self":[{"href":"http:\/\/prim-clerval.ac-besancon.fr\/index.php?rest_route=\/wp\/v2\/pages\/11808","targetHints":{"allow":["GET"]}}],"collection":[{"href":"http:\/\/prim-clerval.ac-besancon.fr\/index.php?rest_route=\/wp\/v2\/pages"}],"about":[{"href":"http:\/\/prim-clerval.ac-besancon.fr\/index.php?rest_route=\/wp\/v2\/types\/page"}],"author":[{"embeddable":true,"href":"http:\/\/prim-clerval.ac-besancon.fr\/index.php?rest_route=\/wp\/v2\/users\/14"}],"replies":[{"embeddable":true,"href":"http:\/\/prim-clerval.ac-besancon.fr\/index.php?rest_route=%2Fwp%2Fv2%2Fcomments&post=11808"}],"version-history":[{"count":9,"href":"http:\/\/prim-clerval.ac-besancon.fr\/index.php?rest_route=\/wp\/v2\/pages\/11808\/revisions"}],"predecessor-version":[{"id":15953,"href":"http:\/\/prim-clerval.ac-besancon.fr\/index.php?rest_route=\/wp\/v2\/pages\/11808\/revisions\/15953"}],"wp:attachment":[{"href":"http:\/\/prim-clerval.ac-besancon.fr\/index.php?rest_route=%2Fwp%2Fv2%2Fmedia&parent=11808"}],"curies":[{"name":"wp","href":"https:\/\/api.w.org\/{rel}","templated":true}]}}