{"id":11814,"date":"2022-08-30T13:16:10","date_gmt":"2022-08-30T11:16:10","guid":{"rendered":"http:\/\/prim-clerval.ac-besancon.fr\/?page_id=11814"},"modified":"2025-06-23T17:29:04","modified_gmt":"2025-06-23T15:29:04","slug":"vacances-scolaires","status":"publish","type":"page","link":"http:\/\/prim-clerval.ac-besancon.fr\/?page_id=11814","title":{"rendered":"Vacances scolaires 2025\/26"},"content":{"rendered":"<p><strong>Rentr\u00e9e<\/strong> : le lundi 1er septembre 2025 \u00e0 8h30 (accueil \u00e0 partir de 8h20)<\/p>\n<p><strong>Toussaint<\/strong> : vendredi 17 octobre apr\u00e8s la classe ; reprise des cours le lundi 3 novembre<\/p>\n<p><strong>No\u00ebl<\/strong> : vendredi 19 d\u00e9cembre apr\u00e8s la classe ; reprise des cours le lundi 5 janvier 2026<\/p>\n<p><strong>Hiver<\/strong> : vendredi 6 f\u00e9vrier apr\u00e8s la classe ; reprise des cours le lundi\u00a0 23 f\u00e9vrier<\/p>\n<p><strong>Printemps<\/strong> : vendredi 3 avril apr\u00e8s la classe ; reprise des cours lundi 20 avril<\/p>\n<p><strong>Pont de l&rsquo;ascension<\/strong> : mardi 12 mai apr\u00e8s la classe ; reprise des cours le lundi 18 juin<\/p>\n<p><strong>D\u00e9but des vacances d&rsquo;\u00e9t\u00e9<\/strong> : vendredi 3 juillet 2026 apr\u00e8s la classe<\/p>\n<p style=\"text-align: center\"><a href=\"https:\/\/www.service-public.fr\/particuliers\/vosdroits\/F31952\">calendrier des vacances scolaires 2025-2026\u00a0 | Service-Public.fr<\/a><\/p>\n","protected":false},"excerpt":{"rendered":"<p>Rentr\u00e9e : le lundi 1er septembre 2025 \u00e0 8h30 (accueil \u00e0 partir de 8h20) Toussaint : vendredi 17 octobre apr\u00e8s la classe ; reprise des &hellip; <\/p>\n","protected":false},"author":14,"featured_media":0,"parent":0,"menu_order":0,"comment_status":"closed","ping_status":"closed","template":"","meta":{"footnotes":""},"class_list":["post-11814","page","type-page","status-publish","hentry"],"_links":{"self":[{"href":"http:\/\/prim-clerval.ac-besancon.fr\/index.php?rest_route=\/wp\/v2\/pages\/11814","targetHints":{"allow":["GET"]}}],"collection":[{"href":"http:\/\/prim-clerval.ac-besancon.fr\/index.php?rest_route=\/wp\/v2\/pages"}],"about":[{"href":"http:\/\/prim-clerval.ac-besancon.fr\/index.php?rest_route=\/wp\/v2\/types\/page"}],"author":[{"embeddable":true,"href":"http:\/\/prim-clerval.ac-besancon.fr\/index.php?rest_route=\/wp\/v2\/users\/14"}],"replies":[{"embeddable":true,"href":"http:\/\/prim-clerval.ac-besancon.fr\/index.php?rest_route=%2Fwp%2Fv2%2Fcomments&post=11814"}],"version-history":[{"count":6,"href":"http:\/\/prim-clerval.ac-besancon.fr\/index.php?rest_route=\/wp\/v2\/pages\/11814\/revisions"}],"predecessor-version":[{"id":15910,"href":"http:\/\/prim-clerval.ac-besancon.fr\/index.php?rest_route=\/wp\/v2\/pages\/11814\/revisions\/15910"}],"wp:attachment":[{"href":"http:\/\/prim-clerval.ac-besancon.fr\/index.php?rest_route=%2Fwp%2Fv2%2Fmedia&parent=11814"}],"curies":[{"name":"wp","href":"https:\/\/api.w.org\/{rel}","templated":true}]}}