{"id":1831,"date":"2015-04-27T11:42:27","date_gmt":"2015-04-27T09:42:27","guid":{"rendered":"http:\/\/wpecole.ac-besancon.fr\/?page_id=5"},"modified":"2026-04-03T15:52:57","modified_gmt":"2026-04-03T13:52:57","slug":"accueil","status":"publish","type":"page","link":"http:\/\/prim-clerval.ac-besancon.fr\/","title":{"rendered":"Accueil"},"content":{"rendered":"<p><strong>Pour contacter l&rsquo;\u00e9cole, privil\u00e9giez\u00a0 le t\u00e9l\u00e9phone portable (06 46 86 51 76) ou le mail \u00e0 <a href=\"mailto:ecole.clerval@ac-besancon.fr\">ecole.clerval@ac-besancon.fr<\/a><br \/>\n<\/strong><\/p>\n<pre>Photo de classe<\/pre>\n<p>Les photos de classe sont sont pr\u00e9vues le <strong>mardi 12 mai apr\u00e8s-midi<\/strong>.<\/p>\n<blockquote><p>Bonne visite!<\/p><\/blockquote>\n","protected":false},"excerpt":{"rendered":"<p>Pour contacter l&rsquo;\u00e9cole, privil\u00e9giez\u00a0 le t\u00e9l\u00e9phone portable (06 46 86 51 76) ou le mail \u00e0 ecole.clerval@ac-besancon.fr Photo de classe Les photos de classe sont &hellip; <\/p>\n","protected":false},"author":14,"featured_media":0,"parent":0,"menu_order":0,"comment_status":"closed","ping_status":"closed","template":"","meta":{"footnotes":""},"class_list":["post-1831","page","type-page","status-publish","hentry"],"_links":{"self":[{"href":"http:\/\/prim-clerval.ac-besancon.fr\/index.php?rest_route=\/wp\/v2\/pages\/1831","targetHints":{"allow":["GET"]}}],"collection":[{"href":"http:\/\/prim-clerval.ac-besancon.fr\/index.php?rest_route=\/wp\/v2\/pages"}],"about":[{"href":"http:\/\/prim-clerval.ac-besancon.fr\/index.php?rest_route=\/wp\/v2\/types\/page"}],"author":[{"embeddable":true,"href":"http:\/\/prim-clerval.ac-besancon.fr\/index.php?rest_route=\/wp\/v2\/users\/14"}],"replies":[{"embeddable":true,"href":"http:\/\/prim-clerval.ac-besancon.fr\/index.php?rest_route=%2Fwp%2Fv2%2Fcomments&post=1831"}],"version-history":[{"count":328,"href":"http:\/\/prim-clerval.ac-besancon.fr\/index.php?rest_route=\/wp\/v2\/pages\/1831\/revisions"}],"predecessor-version":[{"id":16626,"href":"http:\/\/prim-clerval.ac-besancon.fr\/index.php?rest_route=\/wp\/v2\/pages\/1831\/revisions\/16626"}],"wp:attachment":[{"href":"http:\/\/prim-clerval.ac-besancon.fr\/index.php?rest_route=%2Fwp%2Fv2%2Fmedia&parent=1831"}],"curies":[{"name":"wp","href":"https:\/\/api.w.org\/{rel}","templated":true}]}}