{"id":2595,"date":"2018-09-28T14:23:42","date_gmt":"2018-09-28T12:23:42","guid":{"rendered":"http:\/\/prim-clerval.ac-besancon.fr\/?page_id=2595"},"modified":"2024-07-05T14:26:36","modified_gmt":"2024-07-05T12:26:36","slug":"elections","status":"publish","type":"page","link":"http:\/\/prim-clerval.ac-besancon.fr\/?page_id=2595","title":{"rendered":"\u00c9lections"},"content":{"rendered":"<pre>ELECTIONS DES PARENTS D'ELEVES<\/pre>\n<p>Voici les r\u00e9sultats des \u00e9lections. N&rsquo;h\u00e9sitez pas \u00e0 contacter les parents \u00e9lus en cas de besoin.<\/p>\n<p>&nbsp;<\/p>\n<p><strong>Titulaires<\/strong><\/p>\n<p>&nbsp;<\/p>\n<p>&nbsp;<\/p>\n<p><strong>Rempla\u00e7ants<\/strong><\/p>\n<p>&nbsp;<\/p>\n<p>&nbsp;<\/p>\n<p>&nbsp;<\/p>\n","protected":false},"excerpt":{"rendered":"<p>ELECTIONS DES PARENTS D&rsquo;ELEVES Voici les r\u00e9sultats des \u00e9lections. N&rsquo;h\u00e9sitez pas \u00e0 contacter les parents \u00e9lus en cas de besoin. &nbsp; Titulaires &nbsp; &nbsp; Rempla\u00e7ants &hellip; <\/p>\n","protected":false},"author":14,"featured_media":0,"parent":0,"menu_order":0,"comment_status":"closed","ping_status":"closed","template":"","meta":{"footnotes":""},"class_list":["post-2595","page","type-page","status-publish","hentry"],"_links":{"self":[{"href":"http:\/\/prim-clerval.ac-besancon.fr\/index.php?rest_route=\/wp\/v2\/pages\/2595","targetHints":{"allow":["GET"]}}],"collection":[{"href":"http:\/\/prim-clerval.ac-besancon.fr\/index.php?rest_route=\/wp\/v2\/pages"}],"about":[{"href":"http:\/\/prim-clerval.ac-besancon.fr\/index.php?rest_route=\/wp\/v2\/types\/page"}],"author":[{"embeddable":true,"href":"http:\/\/prim-clerval.ac-besancon.fr\/index.php?rest_route=\/wp\/v2\/users\/14"}],"replies":[{"embeddable":true,"href":"http:\/\/prim-clerval.ac-besancon.fr\/index.php?rest_route=%2Fwp%2Fv2%2Fcomments&post=2595"}],"version-history":[{"count":10,"href":"http:\/\/prim-clerval.ac-besancon.fr\/index.php?rest_route=\/wp\/v2\/pages\/2595\/revisions"}],"predecessor-version":[{"id":14998,"href":"http:\/\/prim-clerval.ac-besancon.fr\/index.php?rest_route=\/wp\/v2\/pages\/2595\/revisions\/14998"}],"wp:attachment":[{"href":"http:\/\/prim-clerval.ac-besancon.fr\/index.php?rest_route=%2Fwp%2Fv2%2Fmedia&parent=2595"}],"curies":[{"name":"wp","href":"https:\/\/api.w.org\/{rel}","templated":true}]}}