{"id":2668,"date":"2018-10-12T13:54:05","date_gmt":"2018-10-12T11:54:05","guid":{"rendered":"http:\/\/prim-clerval.ac-besancon.fr\/?page_id=2668"},"modified":"2025-05-22T11:26:16","modified_gmt":"2025-05-22T09:26:16","slug":"transports-scolaires","status":"publish","type":"page","link":"http:\/\/prim-clerval.ac-besancon.fr\/?page_id=2668","title":{"rendered":"Transports scolaires"},"content":{"rendered":"<p>Pour les \u00e9l\u00e8ves ext\u00e9rieurs \u00e0 Clerval, merci d&rsquo;inscrire ou de renouveler le titre de transport de votre enfant pour les transports du conseil r\u00e9gional <a href=\"https:\/\/www.bourgognefranchecomte.fr\/transports-scolaires-dans-le-doubs\" target=\"_blank\" rel=\"noopener noreferrer\">ici<\/a> entre le 2 juin et le 11 juillet 2025.<\/p>\n<table style=\"border-collapse: collapse;width: 100%\">\n<tbody>\n<tr>\n<td style=\"width: 50%;text-align: center\"><\/td>\n<td style=\"width: 50%\"><a href=\"http:\/\/prim-clerval.ac-besancon.fr\/wp-content\/uploads\/sites\/18\/2016\/03\/site-conseil-r\u00e9gional.jpg\" data-rel=\"lightbox-image-0\" data-rl_title=\"\" data-rl_caption=\"\" title=\"\"><img loading=\"lazy\" decoding=\"async\" class=\"wp-image-7141 size-thumbnail aligncenter\" src=\"http:\/\/prim-clerval.ac-besancon.fr\/wp-content\/uploads\/sites\/18\/2016\/03\/site-conseil-r\u00e9gional-150x150.jpg\" alt=\"\" width=\"150\" height=\"150\" \/><\/a><\/td>\n<\/tr>\n<\/tbody>\n<\/table>\n<p>&nbsp;<\/p>\n<p>Pour b\u00e9n\u00e9ficier du transport interne de Clerval (matin et soir), merci de compl\u00e9ter et de <strong>rapporter en mairie<\/strong> le document d&rsquo;inscription (<a href=\"http:\/\/prim-clerval.ac-besancon.fr\/wp-content\/uploads\/sites\/18\/2024\/06\/Fiche-inscription-bus-scolaire-2024-2025.pdf\">Fiche inscription bus scolaire 2024-2025<\/a>) <strong>avant le vendredi 28 juin ou par mail \u00e0 <a href=\"mailto:mairie@clerval.fr\">mairie@clerval.fr<\/a>. <\/strong><\/p>\n","protected":false},"excerpt":{"rendered":"<p>Pour les \u00e9l\u00e8ves ext\u00e9rieurs \u00e0 Clerval, merci d&rsquo;inscrire ou de renouveler le titre de transport de votre enfant pour les transports du conseil r\u00e9gional ici &hellip; <\/p>\n","protected":false},"author":14,"featured_media":0,"parent":0,"menu_order":0,"comment_status":"closed","ping_status":"closed","template":"","meta":{"footnotes":""},"class_list":["post-2668","page","type-page","status-publish","hentry"],"_links":{"self":[{"href":"http:\/\/prim-clerval.ac-besancon.fr\/index.php?rest_route=\/wp\/v2\/pages\/2668","targetHints":{"allow":["GET"]}}],"collection":[{"href":"http:\/\/prim-clerval.ac-besancon.fr\/index.php?rest_route=\/wp\/v2\/pages"}],"about":[{"href":"http:\/\/prim-clerval.ac-besancon.fr\/index.php?rest_route=\/wp\/v2\/types\/page"}],"author":[{"embeddable":true,"href":"http:\/\/prim-clerval.ac-besancon.fr\/index.php?rest_route=\/wp\/v2\/users\/14"}],"replies":[{"embeddable":true,"href":"http:\/\/prim-clerval.ac-besancon.fr\/index.php?rest_route=%2Fwp%2Fv2%2Fcomments&post=2668"}],"version-history":[{"count":18,"href":"http:\/\/prim-clerval.ac-besancon.fr\/index.php?rest_route=\/wp\/v2\/pages\/2668\/revisions"}],"predecessor-version":[{"id":15842,"href":"http:\/\/prim-clerval.ac-besancon.fr\/index.php?rest_route=\/wp\/v2\/pages\/2668\/revisions\/15842"}],"wp:attachment":[{"href":"http:\/\/prim-clerval.ac-besancon.fr\/index.php?rest_route=%2Fwp%2Fv2%2Fmedia&parent=2668"}],"curies":[{"name":"wp","href":"https:\/\/api.w.org\/{rel}","templated":true}]}}