{"id":2857,"date":"2019-01-10T17:27:55","date_gmt":"2019-01-10T16:27:55","guid":{"rendered":"http:\/\/prim-clerval.ac-besancon.fr\/?page_id=2857"},"modified":"2024-01-26T09:55:26","modified_gmt":"2024-01-26T08:55:26","slug":"educonnect","status":"publish","type":"page","link":"http:\/\/prim-clerval.ac-besancon.fr\/?page_id=2857","title":{"rendered":"Educonnect"},"content":{"rendered":"<p style=\"text-align: justify\">Avec un compte Educonnect activ\u00e9, vous acc\u00e9dez \u00e0 votre portail : <a href=\"https:\/\/educonnect.education.gouv.fr\/\" target=\"_blank\" rel=\"noopener\">https:\/\/educonnect.education.gouv.fr\/<\/a>.<br \/>\nIl vous donne acc\u00e8s aux t\u00e9l\u00e9services disponibles pour chacun de vos enfants. =&gt; le 1er t\u00e9l\u00e9service disponible est le LSU, le livret scolaire unique.<br \/>\nIl vous permet \u00e9galement d\u2019acc\u00e9der \u00e0 la gestion de votre compte.<\/p>\n<p style=\"text-align: justify\">Voici l&rsquo;aide \u00e0 l&rsquo;inscription sur Educonnect :<\/p>\n<p style=\"text-align: center\"><a href=\"http:\/\/prim-clerval.ac-besancon.fr\/wp-content\/uploads\/sites\/18\/2019\/01\/Flyer_Parents-INSCRIPTION-PAR-LECOLE-1.pdf\">Flyer_Parents INSCRIPTION<\/a><\/p>\n<p><span dir=\"ltr\" role=\"presentation\">Afin d\u2019aider les parents \u00e0 cr\u00e9er et utiliser leur compte Educonnect, une plateforme nationale d\u2019assistance d\u00e9di\u00e9e<\/span><br role=\"presentation\" \/><span dir=\"ltr\" role=\"presentation\">aux familles est ouverte depuis juin 2021. Elle r\u00e9pond \u00e0 toutes leurs questions s\u2019agissant des connexions<\/span><br role=\"presentation\" \/><span dir=\"ltr\" role=\"presentation\">Educonnect et des d\u00e9marches en ligne.<\/span><\/p>\n<p style=\"text-align: center\"><span dir=\"ltr\" role=\"presentation\">Plateforme ouverte pendant chaque p\u00e9riode d\u2019ouverture des d\u00e9marches en ligne<\/span><br role=\"presentation\" \/><strong><span dir=\"ltr\" role=\"presentation\">Par t\u00e9l\u00e9phone<\/span> <span dir=\"ltr\" role=\"presentation\">: 0 809 54 06 06 (prix d&rsquo;un appel local)<\/span><\/strong><br role=\"presentation\" \/><span dir=\"ltr\" role=\"presentation\">Du lundi au vendredi de 8h \u00e0 20h et le samedi de 8h \u00e0 12h (horaires de m\u00e9tropole)<\/span><br role=\"presentation\" \/><strong><span dir=\"ltr\" role=\"presentation\">En ligne<\/span> <span dir=\"ltr\" role=\"presentation\">: <a href=\"http:\/\/assistanceteleservices.education.gouv.fr\">assistanceteleservices.education.gouv.fr<\/a><\/span><\/strong><\/p>\n","protected":false},"excerpt":{"rendered":"<p>Avec un compte Educonnect activ\u00e9, vous acc\u00e9dez \u00e0 votre portail : https:\/\/educonnect.education.gouv.fr\/. Il vous donne acc\u00e8s aux t\u00e9l\u00e9services disponibles pour chacun de vos enfants. =&gt; &hellip; <\/p>\n","protected":false},"author":14,"featured_media":0,"parent":0,"menu_order":0,"comment_status":"closed","ping_status":"closed","template":"","meta":{"footnotes":""},"class_list":["post-2857","page","type-page","status-publish","hentry"],"_links":{"self":[{"href":"http:\/\/prim-clerval.ac-besancon.fr\/index.php?rest_route=\/wp\/v2\/pages\/2857","targetHints":{"allow":["GET"]}}],"collection":[{"href":"http:\/\/prim-clerval.ac-besancon.fr\/index.php?rest_route=\/wp\/v2\/pages"}],"about":[{"href":"http:\/\/prim-clerval.ac-besancon.fr\/index.php?rest_route=\/wp\/v2\/types\/page"}],"author":[{"embeddable":true,"href":"http:\/\/prim-clerval.ac-besancon.fr\/index.php?rest_route=\/wp\/v2\/users\/14"}],"replies":[{"embeddable":true,"href":"http:\/\/prim-clerval.ac-besancon.fr\/index.php?rest_route=%2Fwp%2Fv2%2Fcomments&post=2857"}],"version-history":[{"count":7,"href":"http:\/\/prim-clerval.ac-besancon.fr\/index.php?rest_route=\/wp\/v2\/pages\/2857\/revisions"}],"predecessor-version":[{"id":13455,"href":"http:\/\/prim-clerval.ac-besancon.fr\/index.php?rest_route=\/wp\/v2\/pages\/2857\/revisions\/13455"}],"wp:attachment":[{"href":"http:\/\/prim-clerval.ac-besancon.fr\/index.php?rest_route=%2Fwp%2Fv2%2Fmedia&parent=2857"}],"curies":[{"name":"wp","href":"https:\/\/api.w.org\/{rel}","templated":true}]}}