{"id":2880,"date":"2019-02-01T13:47:45","date_gmt":"2019-02-01T12:47:45","guid":{"rendered":"http:\/\/prim-clerval.ac-besancon.fr\/?page_id=2880"},"modified":"2026-03-05T13:58:40","modified_gmt":"2026-03-05T12:58:40","slug":"rentree-6eme-2019","status":"publish","type":"page","link":"http:\/\/prim-clerval.ac-besancon.fr\/?page_id=2880","title":{"rendered":"Rentr\u00e9e 6\u00e8me 2026"},"content":{"rendered":"\r\n<p class=\"wp-block-preformatted\">Sur cette page, je mettrai les documents donn\u00e9s en classe et d&rsquo;autres plus particuliers que je ne distribuerai pas sous format papier.<\/p>\r\n<p><strong>Documents Section handball &#8211; Coll\u00e8ge Louis Bonnemaille<\/strong><\/p>\r\n<p>&nbsp;<\/p>\r\n<p><strong>LISTE DE FOURNITURES<\/strong><\/p>\r\n<p>&nbsp;<\/p>\r\n<p><strong>DEMANDE DE BOURSE\u00a0<\/strong><\/p>\r\n<p>&nbsp;<\/p>\r\n<p><strong>OFFRES DE FORMATIONS SUR LE DEPARTEMENT :\u00a0<\/strong><\/p>\r\n<p><strong>CLASSE bilangue Anglais chinois\u00a0<\/strong><\/p>\r\n<p><a href=\"http:\/\/prim-bourlier-l-isle-sur-le-doubs.ac-besancon.fr\/wp-content\/uploads\/sites\/97\/2025\/01\/RS26_NOTE_DEP_BI_LANGUE_ANGL_CHINOIS-BART.pdf\" target=\"_blank\" rel=\"noopener\">RS26_NOTE_DEP_BI_LANGUE_ANGL_CHINOIS BART<\/a><\/p>\r\n<p><a href=\"http:\/\/prim-bourlier-l-isle-sur-le-doubs.ac-besancon.fr\/wp-content\/uploads\/sites\/97\/2025\/01\/ANNEXE1_BART_NOTE-INFO-FAMILLES.pdf\" target=\"_blank\" rel=\"noopener\">ANNEXE1_BART_NOTE INFO FAMILLES<\/a><\/p>\r\n<p><a href=\"http:\/\/prim-bourlier-l-isle-sur-le-doubs.ac-besancon.fr\/wp-content\/uploads\/sites\/97\/2025\/01\/ANNEXE2_BART_DEMANDE-ADMISSION_bilangue_anglais_chinois.pdf\" target=\"_blank\" rel=\"noopener\">ANNEXE2_BART_DEMANDE ADMISSION_bilangue_anglais_chinois<\/a><\/p>\r\n<p><strong>CLASSE A HORAIRES AMENAGES (CHAM) : <a href=\"http:\/\/prim-bourlier-l-isle-sur-le-doubs.ac-besancon.fr\/wp-content\/uploads\/sites\/97\/2025\/01\/RS26_Note-departementale-CHA.pdf\" target=\"_blank\" rel=\"noopener\">RS26_Note d\u00e9partementale CHA<\/a><\/strong><\/p>\r\n<ul>\r\n<li><strong>Classe \u00e0 horaires am\u00e9nag\u00e9s Instrument de musique\u00a0<\/strong><\/li>\r\n<\/ul>\r\n<p><a href=\"http:\/\/prim-bourlier-l-isle-sur-le-doubs.ac-besancon.fr\/wp-content\/uploads\/sites\/97\/2025\/01\/RS26_Annexe1A_note_dinfo_admission_instrument_Victor-Hugo.pdf\" target=\"_blank\" rel=\"noopener\">RS26_Annexe1A_note_d\u2019info_admission_instrument_Victor<\/a><a href=\"http:\/\/prim-bourlier-l-isle-sur-le-doubs.ac-besancon.fr\/wp-content\/uploads\/sites\/97\/2025\/01\/RS26_Annexe1A_note_dinfo_admission_instrument_Victor-Hugo.pdf\" target=\"_blank\" rel=\"noopener\">Hugo<\/a>\u00a0<\/p>\r\n<p><a href=\"http:\/\/prim-bourlier-l-isle-sur-le-doubs.ac-besancon.fr\/wp-content\/uploads\/sites\/97\/2025\/01\/RS26_Annexe2A_instrument-Victor-Hugo.pdf\" target=\"_blank\" rel=\"noopener\">RS26_Annexe2A_instrument Victor Hugo<\/a><\/p>\r\n<p><a href=\"http:\/\/prim-bourlier-l-isle-sur-le-doubs.ac-besancon.fr\/wp-content\/uploads\/sites\/97\/2025\/01\/RS26_Annexe1E_note_dinfo_admission_instrument_Diderot.pdf\" target=\"_blank\" rel=\"noopener\">RS26_Annexe1E_note_d\u2019info_admission_instrument_Diderot<\/a>\u00a0<\/p>\r\n<p><a href=\"http:\/\/prim-bourlier-l-isle-sur-le-doubs.ac-besancon.fr\/wp-content\/uploads\/sites\/97\/2025\/01\/RS26_Annexe2E_instrument_Diderot.pdf\" target=\"_blank\" rel=\"noopener\">RS26_Annexe2E_instrument_Diderot<\/a><\/p>\r\n<ul>\r\n<li><strong>Classe \u00e0 horaires am\u00e9nag\u00e9s Danse Victor Hugo &#8211; Besan\u00e7on<br \/><\/strong><\/li>\r\n<\/ul>\r\n<p><a href=\"http:\/\/prim-bourlier-l-isle-sur-le-doubs.ac-besancon.fr\/wp-content\/uploads\/sites\/97\/2025\/01\/RS26_Annexe1B_note_dinfo_admission_danse_Victor-Hugo.pdf\" target=\"_blank\" rel=\"noopener\">RS26_Annexe1B_note_d\u2019info_admission_danse_Victor<\/a><a href=\"http:\/\/prim-bourlier-l-isle-sur-le-doubs.ac-besancon.fr\/wp-content\/uploads\/sites\/97\/2025\/01\/RS26_Annexe1B_note_dinfo_admission_danse_Victor-Hugo.pdf\" target=\"_blank\" rel=\"noopener\">Hugo<\/a>\u00a0<\/p>\r\n<p><a href=\"http:\/\/prim-bourlier-l-isle-sur-le-doubs.ac-besancon.fr\/wp-content\/uploads\/sites\/97\/2025\/01\/RS26_Annexe2B_danse_Victor-Hugo.pdf\" target=\"_blank\" rel=\"noopener\">RS26_Annexe2B_danse_Victor Hugo<\/a>\u00a0<\/p>\r\n<ul>\r\n<li><strong>Classe \u00e0 horaires am\u00e9nag\u00e9s Danse Guynemer &#8211; Montb\u00e9liard<\/strong><\/li>\r\n<\/ul>\r\n<p><a href=\"http:\/\/prim-bourlier-l-isle-sur-le-doubs.ac-besancon.fr\/wp-content\/uploads\/sites\/97\/2025\/01\/RS26_Annexe1F_note_dinfo_admission_danse_Guynemer.pdf\" target=\"_blank\" rel=\"noopener\">RS26_Annexe1F_note_d\u2019info_admission_danse_Guynemer<\/a>\u00a0<\/p>\r\n<p><a href=\"http:\/\/prim-bourlier-l-isle-sur-le-doubs.ac-besancon.fr\/wp-content\/uploads\/sites\/97\/2025\/01\/RS26_Annexe2F_fiche_de_candidature_Danse_Guynemer.pdf\" target=\"_blank\" rel=\"noopener\">RS26_Annexe2F_fiche_de_candidature_Danse_Guynemer<\/a><\/p>\r\n<ul>\r\n<li><strong>Classe \u00e0 horaires am\u00e9nag\u00e9s Voix<\/strong><\/li>\r\n<\/ul>\r\n<p><a href=\"http:\/\/prim-bourlier-l-isle-sur-le-doubs.ac-besancon.fr\/wp-content\/uploads\/sites\/97\/2025\/01\/RS26_Annexe1C_note_dinfo_admission_Voix_ClairsSoleils.pdf\" target=\"_blank\" rel=\"noopener\">RS26_Annexe1C_note_d\u2019info_admission_Voix_ClairsSoleils<\/a>\u00a0<\/p>\r\n<p><a href=\"http:\/\/prim-bourlier-l-isle-sur-le-doubs.ac-besancon.fr\/wp-content\/uploads\/sites\/97\/2025\/01\/RS26_Annexe2C_voix_ClairsSoleils.pdf\" target=\"_blank\" rel=\"noopener\">RS26_Annexe2C_voix_ClairsSoleils<\/a><\/p>\r\n<ul>\r\n<li><strong>Classe \u00e0 horaires am\u00e9nag\u00e9s Arts dramatiques<\/strong><\/li>\r\n<\/ul>\r\n<p><a href=\"http:\/\/prim-bourlier-l-isle-sur-le-doubs.ac-besancon.fr\/wp-content\/uploads\/sites\/97\/2025\/01\/RS26_Annexe1G_note_admission_Art_dramatique_Voltaire.pdf\" target=\"_blank\" rel=\"noopener\">RS26_Annexe1G_note_admission_Art_dramatique_Voltaire<\/a>\u00a0<\/p>\r\n<p><a href=\"http:\/\/prim-bourlier-l-isle-sur-le-doubs.ac-besancon.fr\/wp-content\/uploads\/sites\/97\/2025\/01\/RS26_Annexe2G_Art_dra_Voltaire.pdf\" target=\"_blank\" rel=\"noopener\">RS26_Annexe2G_Art_dra_Voltaire<\/a><\/p>\r\n<p><strong>Section internationale Am\u00e9ricain<\/strong><\/p>\r\n<p>&nbsp;<\/p>\r\n<p><strong>Section internationale Allemand<\/strong><\/p>\r\n<p>&nbsp;<\/p>\r\n<p><strong>Coll\u00e8ge en internat<\/strong><\/p>\r\n<p><a href=\"http:\/\/prim-clerval.ac-besancon.fr\/wp-content\/uploads\/sites\/18\/2026\/03\/Note_dinformation_famille_RS26.pdf\">Note_d&rsquo;information_famille_RS26<\/a><\/p>\r\n<p><a href=\"http:\/\/prim-clerval.ac-besancon.fr\/wp-content\/uploads\/sites\/18\/2026\/03\/Note-departementale_INTERNAT_RS26.pdf\">Note d\u00e9partementale_INTERNAT_RS26<\/a>\u00a0<\/p>\r\n<p><a href=\"http:\/\/prim-clerval.ac-besancon.fr\/wp-content\/uploads\/sites\/18\/2026\/03\/Fiche-sociale-confidentielle.pdf\">Fiche sociale confidentielle<\/a>\u00a0<\/p>\r\n<p><a href=\"http:\/\/prim-clerval.ac-besancon.fr\/wp-content\/uploads\/sites\/18\/2026\/03\/FICHE-MEDICALE_RS26.pdf\">FICHE MEDICALE_RS26<\/a><\/p>\r\n<p>\r\n\r\n<\/p>\r\n","protected":false},"excerpt":{"rendered":"<p>Sur cette page, je mettrai les documents donn\u00e9s en classe et d&rsquo;autres plus particuliers que je ne distribuerai pas sous format papier. Documents Section handball &hellip; <\/p>\n","protected":false},"author":14,"featured_media":0,"parent":0,"menu_order":0,"comment_status":"closed","ping_status":"closed","template":"","meta":{"footnotes":""},"class_list":["post-2880","page","type-page","status-publish","hentry"],"_links":{"self":[{"href":"http:\/\/prim-clerval.ac-besancon.fr\/index.php?rest_route=\/wp\/v2\/pages\/2880","targetHints":{"allow":["GET"]}}],"collection":[{"href":"http:\/\/prim-clerval.ac-besancon.fr\/index.php?rest_route=\/wp\/v2\/pages"}],"about":[{"href":"http:\/\/prim-clerval.ac-besancon.fr\/index.php?rest_route=\/wp\/v2\/types\/page"}],"author":[{"embeddable":true,"href":"http:\/\/prim-clerval.ac-besancon.fr\/index.php?rest_route=\/wp\/v2\/users\/14"}],"replies":[{"embeddable":true,"href":"http:\/\/prim-clerval.ac-besancon.fr\/index.php?rest_route=%2Fwp%2Fv2%2Fcomments&post=2880"}],"version-history":[{"count":57,"href":"http:\/\/prim-clerval.ac-besancon.fr\/index.php?rest_route=\/wp\/v2\/pages\/2880\/revisions"}],"predecessor-version":[{"id":16507,"href":"http:\/\/prim-clerval.ac-besancon.fr\/index.php?rest_route=\/wp\/v2\/pages\/2880\/revisions\/16507"}],"wp:attachment":[{"href":"http:\/\/prim-clerval.ac-besancon.fr\/index.php?rest_route=%2Fwp%2Fv2%2Fmedia&parent=2880"}],"curies":[{"name":"wp","href":"https:\/\/api.w.org\/{rel}","templated":true}]}}