{"id":3617,"date":"2020-03-13T12:34:05","date_gmt":"2020-03-13T11:34:05","guid":{"rendered":"http:\/\/prim-clerval.ac-besancon.fr\/?page_id=3617"},"modified":"2022-04-12T23:18:04","modified_gmt":"2022-04-12T21:18:04","slug":"cp-mme-vonin","status":"publish","type":"page","link":"http:\/\/prim-clerval.ac-besancon.fr\/?page_id=3617","title":{"rendered":"CP Mme Vonin"},"content":{"rendered":"<p>Vous pouvez me joindre \u00e0 l&rsquo;adresse suivante : myriam.vonin@ac-besancon.fr<\/p>\n<p><span style=\"color: #ff0000\">Voici quelques liens pour r\u00e9viser tout en jouant quelques notions de math\u00e9matiques pendant les vacances.\u00a0<\/span><\/p>\n<p><span style=\"color: #800080\">Pour la plupart des jeux, s\u00e9lectionner les nombres de 0 \u00e0 69 (ou un peu moins ou plus selon le niveau des enfants!)<\/span><\/p>\n<p><a href=\"http:\/\/www.logicieleducatif.fr\/math\/calcul\/tablesaddition.php\">Tables d&rsquo;additions<\/a><\/p>\n<p><a href=\"http:\/\/www.logicieleducatif.fr\/math\/calcul\/calc.php\">Calcul mental<\/a><\/p>\n<p><a href=\"http:\/\/www.logicieleducatif.fr\/math\/numeration\/nombreschiffres.php\">Nombres en chiffres<\/a><\/p>\n<p><a href=\"http:\/\/www.logicieleducatif.fr\/math\/numeration\/numer1.php\">Num\u00e9ricubes<\/a><\/p>\n<p><a href=\"http:\/\/www.logicieleducatif.fr\/math\/numeration\/compa.php\">Comparaison de nombres<\/a><\/p>\n<p><a href=\"http:\/\/www.logicieleducatif.fr\/math\/numeration\/file-numerique-cp-ce1-ce2.php\">la file num\u00e9rique du serpent<\/a><\/p>\n<p><a href=\"http:\/\/www.logicieleducatif.fr\/math\/numeration\/croissant.php\">Rangement en ordre croissant<\/a><\/p>\n<p><a href=\"http:\/\/www.logicieleducatif.fr\/math\/numeration\/decroissant.php\">Rangement en ordre d\u00e9croissant<\/a><\/p>\n<p><a href=\"http:\/\/www.logicieleducatif.fr\/math\/calcul\/comp10.php\">Les compl\u00e9ments \u00e0 10<\/a><\/p>\n<p><a href=\"http:\/\/www.logicieleducatif.fr\/math\/calcul\/stardoubles.php\">Doubles et moiti\u00e9s<\/a><\/p>\n<p><a href=\"http:\/\/www.logicieleducatif.fr\/math\/calcul\/objectif-10.php\">Objectif 10<\/a><\/p>\n<p>&nbsp;<\/p>\n<p>&nbsp;<\/p>\n<p>&nbsp;<\/p>\n","protected":false},"excerpt":{"rendered":"<p>Vous pouvez me joindre \u00e0 l&rsquo;adresse suivante : myriam.vonin@ac-besancon.fr Voici quelques liens pour r\u00e9viser tout en jouant quelques notions de math\u00e9matiques pendant les vacances.\u00a0 Pour &hellip; <\/p>\n","protected":false},"author":14,"featured_media":0,"parent":0,"menu_order":0,"comment_status":"closed","ping_status":"closed","template":"","meta":{"footnotes":""},"class_list":["post-3617","page","type-page","status-publish","hentry"],"_links":{"self":[{"href":"http:\/\/prim-clerval.ac-besancon.fr\/index.php?rest_route=\/wp\/v2\/pages\/3617","targetHints":{"allow":["GET"]}}],"collection":[{"href":"http:\/\/prim-clerval.ac-besancon.fr\/index.php?rest_route=\/wp\/v2\/pages"}],"about":[{"href":"http:\/\/prim-clerval.ac-besancon.fr\/index.php?rest_route=\/wp\/v2\/types\/page"}],"author":[{"embeddable":true,"href":"http:\/\/prim-clerval.ac-besancon.fr\/index.php?rest_route=\/wp\/v2\/users\/14"}],"replies":[{"embeddable":true,"href":"http:\/\/prim-clerval.ac-besancon.fr\/index.php?rest_route=%2Fwp%2Fv2%2Fcomments&post=3617"}],"version-history":[{"count":121,"href":"http:\/\/prim-clerval.ac-besancon.fr\/index.php?rest_route=\/wp\/v2\/pages\/3617\/revisions"}],"predecessor-version":[{"id":10642,"href":"http:\/\/prim-clerval.ac-besancon.fr\/index.php?rest_route=\/wp\/v2\/pages\/3617\/revisions\/10642"}],"wp:attachment":[{"href":"http:\/\/prim-clerval.ac-besancon.fr\/index.php?rest_route=%2Fwp%2Fv2%2Fmedia&parent=3617"}],"curies":[{"name":"wp","href":"https:\/\/api.w.org\/{rel}","templated":true}]}}