{"id":3623,"date":"2020-03-13T12:35:11","date_gmt":"2020-03-13T11:35:11","guid":{"rendered":"http:\/\/prim-clerval.ac-besancon.fr\/?page_id=3623"},"modified":"2023-04-27T17:09:54","modified_gmt":"2023-04-27T15:09:54","slug":"ce1-ce2","status":"publish","type":"page","link":"http:\/\/prim-clerval.ac-besancon.fr\/?page_id=3623","title":{"rendered":"CE1"},"content":{"rendered":"<p><a href=\"http:\/\/prim-clerval.ac-besancon.fr\/wp-content\/uploads\/sites\/18\/2023\/04\/couloir.jpg\" data-rel=\"lightbox-image-0\" data-rl_title=\"\" data-rl_caption=\"\" title=\"\"><img loading=\"lazy\" decoding=\"async\" class=\"alignnone size-medium wp-image-12718\" src=\"http:\/\/prim-clerval.ac-besancon.fr\/wp-content\/uploads\/sites\/18\/2023\/04\/couloir-300x225.jpg\" alt=\"\" width=\"300\" height=\"225\" srcset=\"http:\/\/prim-clerval.ac-besancon.fr\/wp-content\/uploads\/sites\/18\/2023\/04\/couloir-300x225.jpg 300w, http:\/\/prim-clerval.ac-besancon.fr\/wp-content\/uploads\/sites\/18\/2023\/04\/couloir-1024x768.jpg 1024w, http:\/\/prim-clerval.ac-besancon.fr\/wp-content\/uploads\/sites\/18\/2023\/04\/couloir-768x576.jpg 768w, http:\/\/prim-clerval.ac-besancon.fr\/wp-content\/uploads\/sites\/18\/2023\/04\/couloir.jpg 1280w\" sizes=\"auto, (max-width: 300px) 100vw, 300px\" \/><\/a>Pour toute question d&rsquo;ordre p\u00e9dagogique, mon adresse mail est <a href=\"mailto:natacha.firanczuk@ac-besancon.fr\">natacha.firanczuk@ac-besancon.fr<\/a><\/p>\n<p>&nbsp;<\/p>\n<p>&nbsp;<\/p>\n<p><a href=\"https:\/\/www.clicmaclasse.fr\/activites\/etude-langue\/present-premier-groupe\/present-premier-groupe_ex02.html\">CE1 : lien pour r\u00e9viser les verbes en -er au pr\u00e9sent<\/a><\/p>\n<p><a href=\"https:\/\/www.ortholud.com\/present-avoir-1.html\">CE1 : lien pour r\u00e9viser le verbe avoir<\/a><\/p>\n<p><a href=\"https:\/\/www.ortholud.com\/present-aller.html\">CE2 : lien pour r\u00e9viser le verbe aller<\/a><\/p>\n<p><a href=\"https:\/\/www.ortholud.com\/present-venir.html\">CE2 : lien pour r\u00e9viser le verbe venir<\/a><\/p>\n<p><a href=\"https:\/\/www.ortholud.com\/present-faire.html\">CE2 : lien pour s&rsquo;entra\u00eener \u00e0 conjuguer le verbe faire.<\/a><\/p>\n<p><span style=\"color: #00ffff\"><a style=\"color: #00ffff\" href=\"https:\/\/classedeflorent.fr\/accueil\/jeux\/mathematiques\/table\/index.php\">CE2 : lien pour r\u00e9viser les tables de multiplication\u00a0<\/a><\/span><\/p>\n<p><a href=\"http:\/\/prim-clerval.ac-besancon.fr\/wp-content\/uploads\/sites\/18\/2022\/01\/CE2-mini-livre-pour-reviser-les-tables-de-multiplication.pdf\">CE2 mini livre pour r\u00e9viser les tables de multiplication<\/a><\/p>\n<p><a href=\"https:\/\/www.ortholud.com\/present-etre-1.html\">Lien pour r\u00e9viser le verbe \u00eatre<\/a><\/p>\n<p><a href=\"http:\/\/prim-clerval.ac-besancon.fr\/wp-content\/uploads\/sites\/18\/2022\/01\/poemes_nature-.pdf\">po\u00e9sies<\/a><\/p>\n<p>Sport \u00e0 la maison : <a href=\"http:\/\/www.viewpure.com\/6Ki9INA8sVM?start=0&amp;end=0\">une petite danse !!!<\/a><\/p>\n<p>et <a href=\"https:\/\/www.youtube.com\/watch?v=cZwE4HURMow\">une autre danse !<\/a><\/p>\n<p><strong><a href=\"https:\/\/tidou.fr\/7-10-ans\/chiffres\/83-rendre-monnaie5\">Les euros : rendre la monnaie CE2<\/a><\/strong><\/p>\n<p><a href=\"https:\/\/tidou.fr\/7-10-ans\/chiffres\/90-compter-euros\">Lien pour r\u00e9viser les euros<\/a> CE1<\/p>\n<p><a href=\"https:\/\/www.logicieleducatif.fr\/math\/calcul\/tablesaddition.php\"><span style=\"color: #ff9900\"><strong>Je r\u00e9vise les tables d&rsquo;addition<\/strong><\/span><\/a><\/p>\n<p>&nbsp;<\/p>\n<p><a href=\"http:\/\/prim-clerval.ac-besancon.fr\/wp-content\/uploads\/sites\/18\/2020\/09\/Les-tables-daddition-1.pdf\">Les-tables-daddition<\/a><\/p>\n<p><span style=\"color: #ffff00\">Pour s\u2019entra\u00eener \u00e0 la maison :<\/span><\/p>\n<p><a href=\"http:\/\/prim-clerval.ac-besancon.fr\/wp-content\/uploads\/sites\/18\/2020\/09\/Calcul-minute-additions-complements-a-10.pdf\">Calcul minute additions compl\u00e9ments \u00e0 10<\/a><\/p>\n<p><a href=\"https:\/\/www.logicieleducatif.fr\/math\/calcul\/comp10.php\">Lien jeu des compl\u00e9ments \u00e0 10<\/a><\/p>\n<p><a href=\"http:\/\/prim-clerval.ac-besancon.fr\/2020\/08\/31\/archives-annee-scolaire-2019-2020\/\"><strong><span style=\"color: #ff00ff\">ARCHIVES ann\u00e9e scolaire 2019\/2020<\/span><\/strong><\/a><\/p>\n<p><span style=\"color: #ff00ff\">\u00a0<\/span><\/p>\n<p style=\"text-align: center\"><strong><span style=\"color: #ff0000\">Liens utiles :<\/span><\/strong><\/p>\n<p><a href=\"http:\/\/prim-clerval.ac-besancon.fr\/wp-content\/uploads\/sites\/18\/2020\/06\/sites-pour-r\u00e9visions-2.pdf\">sites pour r\u00e9visions CE2<\/a><\/p>\n<p><a href=\"http:\/\/prim-clerval.ac-besancon.fr\/wp-content\/uploads\/sites\/18\/2020\/06\/sites-pour-r\u00e9visions-CE1-1.pdf\">sites pour r\u00e9visions CE1<\/a><\/p>\n<p><span style=\"color: #00ff00\"><a style=\"color: #00ff00\" href=\"https:\/\/view.genial.ly\/5e8c89ef08da3f0e02a1338e\/interactive-content-tour-du-monde-1-continents-et-oceans\">Tour du monde<\/a><\/span><\/p>\n<p><span style=\"color: #99cc00\"><a style=\"color: #99cc00\" href=\"https:\/\/www.youtube.com\/channel\/UCoejzfiaEjCusdpdX9W8jBQ\/videos\">Lien personnages historiques<\/a><\/span><\/p>\n<p><span style=\"color: #99ccff\"> <span style=\"color: #ff00ff\"><a style=\"color: #ff00ff\" href=\"http:\/\/www.viewpure.com\/6Ki9INA8sVM?start=0&amp;end=0\">Lien : Flashmob : on danse !!!!!<\/a><\/span><\/span><\/p>\n<p><span style=\"color: #99ccff\">Jeu pour r\u00e9viser les tables de multiplication :<\/span><\/p>\n<p><span style=\"color: #99ccff\">CE1 : <a style=\"color: #99ccff\" href=\"http:\/\/prim-clerval.ac-besancon.fr\/wp-content\/uploads\/sites\/18\/2020\/05\/p_dobble_multi-rapido_1a5.pdf\">dobble 1a5<\/a><\/span><\/p>\n<p><span style=\"color: #99ccff\">CE2 : <a style=\"color: #99ccff\" href=\"http:\/\/prim-clerval.ac-besancon.fr\/wp-content\/uploads\/sites\/18\/2020\/05\/p_dobble_multi-rapido_1a10.pdf\">dobble 1a10<\/a><\/span><\/p>\n<p><span style=\"color: #99ccff\"><a style=\"color: #99ccff\" href=\"http:\/\/prim-clerval.ac-besancon.fr\/wp-content\/uploads\/sites\/18\/2020\/05\/p_dobble_multi-rapido-niv3.pdf\">dobble difficile<\/a><\/span><\/p>\n<p><span style=\"color: #ff00ff\">EPS : <\/span><a href=\"http:\/\/prim-clerval.ac-besancon.fr\/wp-content\/uploads\/sites\/18\/2020\/05\/Sport-\u00e0-la-maison-lettres.pdf\"><span style=\"color: #ff00ff\">Sport \u00e0 la maison (lettres)<\/span><\/a><\/p>\n<p><a href=\"http:\/\/prim-clerval.ac-besancon.fr\/wp-content\/uploads\/sites\/18\/2020\/04\/Labyrinthe-2.pdf\"><span style=\"color: #ffcc00\">Labyrinthe 2<\/span><\/a><\/p>\n<p>Liste mots outils :<\/p>\n<p><a href=\"http:\/\/prim-clerval.ac-besancon.fr\/wp-content\/uploads\/sites\/18\/2020\/06\/liste-mots-outils-CE1-1.pdf\"><span style=\"color: #00ffff\">liste mots outils CE1<\/span><\/a><\/p>\n<p><span style=\"color: #00ffff\"><a style=\"color: #00ffff\" href=\"http:\/\/prim-clerval.ac-besancon.fr\/wp-content\/uploads\/sites\/18\/2020\/06\/liste-mots-outils-CE2-2.pdf\">liste mots outils CE2<\/a><\/span><\/p>\n<p>EPS : <a href=\"http:\/\/prim-clerval.ac-besancon.fr\/wp-content\/uploads\/sites\/18\/2020\/05\/Sport-\u00e0-la-maison-lettres.pdf\">Sport \u00e0 la maison (lettres)<\/a><\/p>\n<p><a href=\"http:\/\/prim-clerval.ac-besancon.fr\/wp-content\/uploads\/sites\/18\/2020\/04\/JEU-r\u00e9visions-fran\u00e7ais.pdf\">JEU r\u00e9visions fran\u00e7ais<\/a><\/p>\n<p><a href=\"https:\/\/www.tablesdemultiplication.fr\/\">Lien pour r\u00e9viser les tables<\/a><\/p>\n<p>&nbsp;<\/p>\n<p><a href=\"http:\/\/prim-clerval.ac-besancon.fr\/wp-content\/uploads\/sites\/18\/2020\/05\/Calcul-minute-CE1-table-du-3.pdf\"><span style=\"color: #00ff00\">Calcul minute CE1 table du 3<\/span><\/a><\/p>\n<p><span style=\"color: #00ff00\"><a style=\"color: #00ff00\" href=\"http:\/\/prim-clerval.ac-besancon.fr\/wp-content\/uploads\/sites\/18\/2020\/05\/Calcul-minute-CE1-table-du-4.pdf\">Calcul minute CE1 table du 4<\/a><\/span><\/p>\n<p><span style=\"color: #00ff00\"><a style=\"color: #00ff00\" href=\"http:\/\/prim-clerval.ac-besancon.fr\/wp-content\/uploads\/sites\/18\/2020\/05\/Calcul-minute-CE1-table-du-5.pdf\">Calcul minute CE1 table du 5<\/a><\/span><\/p>\n<p><span style=\"color: #00ff00\"><a style=\"color: #00ff00\" href=\"http:\/\/prim-clerval.ac-besancon.fr\/wp-content\/uploads\/sites\/18\/2020\/05\/Calcul-minute-CE2-table-du-6.pdf\">Calcul minute CE2 table du 6<\/a><\/span><\/p>\n<p><span style=\"color: #00ff00\"><a style=\"color: #00ff00\" href=\"http:\/\/prim-clerval.ac-besancon.fr\/wp-content\/uploads\/sites\/18\/2020\/05\/Calcul-minute-CE2-table-du-7.pdf\">Calcul minute CE2 table du 7<\/a><\/span><\/p>\n<p><span style=\"color: #00ff00\"><a style=\"color: #00ff00\" href=\"http:\/\/prim-clerval.ac-besancon.fr\/wp-content\/uploads\/sites\/18\/2020\/05\/Calcul-minute-CE2-table-du-7-et-8.pdf\">Calcul minute CE2 table du 7 et 8<\/a><\/span><\/p>\n<p><span style=\"color: #00ff00\"><a style=\"color: #00ff00\" href=\"http:\/\/prim-clerval.ac-besancon.fr\/wp-content\/uploads\/sites\/18\/2020\/05\/Calcul-minute-CE1-table-du-8.pdf\">Calcul minute CE1 table du 8<\/a><\/span><\/p>\n<p><span style=\"color: #00ff00\"><a style=\"color: #00ff00\" href=\"http:\/\/prim-clerval.ac-besancon.fr\/wp-content\/uploads\/sites\/18\/2020\/05\/Calcul-minute-CE1-table-du-9.pdf\">Calcul minute CE1 table du 9<\/a><\/span><\/p>\n<p><a href=\"http:\/\/prim-clerval.ac-besancon.fr\/wp-content\/uploads\/sites\/18\/2020\/04\/ob_893549_tables-multiplication.pdf\">Pour ceux qui le souhaitent : \u00a0<\/a><span style=\"color: #99cc00\"><a style=\"color: #99cc00\" href=\"http:\/\/prim-clerval.ac-besancon.fr\/wp-content\/uploads\/sites\/18\/2020\/04\/ob_893549_tables-multiplication.pdf\">Affiches tables de multiplication<\/a><\/span><\/p>\n<p><a href=\"https:\/\/tidou.fr\/7-10-ans\/chiffres\/90-compter-euros\">Lien pour r\u00e9viser les euros<\/a><\/p>\n<p><strong><span style=\"color: #ff0000\"><a style=\"color: #ff0000\" href=\"https:\/\/www.youtube.com\/watch?v=xNinQd58i_A\">Percussions sur table<\/a><\/span><\/strong><\/p>\n<p>&nbsp;<\/p>\n<p><span style=\"color: #ffff00\"><a style=\"color: #ffff00\" href=\"https:\/\/www.ortholud.com\/conjugaison\/futur\/phrase_1.php\">Je r\u00e9vise le futur\u00a0<\/a><\/span><\/p>\n<p><a href=\"https:\/\/www.tablesdemultiplication.fr\/\">Lien pour r\u00e9viser les tables<\/a><\/p>\n<p><strong><span style=\"color: #ff00ff\"><a style=\"color: #ff00ff\" href=\"https:\/\/www.logicieleducatif.fr\/math\/calcul\/tablesmultiplication.php\">Jeux pour r\u00e9viser les tables\u00a0<\/a><\/span><\/strong><\/p>\n<p>&nbsp;<\/p>\n<p>&nbsp;<\/p>\n<p>&nbsp;<\/p>\n<p>&nbsp;<\/p>\n","protected":false},"excerpt":{"rendered":"<p>Pour toute question d&rsquo;ordre p\u00e9dagogique, mon adresse mail est natacha.firanczuk@ac-besancon.fr &nbsp; &nbsp; CE1 : lien pour r\u00e9viser les verbes en -er au pr\u00e9sent CE1 : &hellip; <\/p>\n","protected":false},"author":14,"featured_media":0,"parent":0,"menu_order":0,"comment_status":"closed","ping_status":"closed","template":"","meta":{"footnotes":""},"class_list":["post-3623","page","type-page","status-publish","hentry"],"_links":{"self":[{"href":"http:\/\/prim-clerval.ac-besancon.fr\/index.php?rest_route=\/wp\/v2\/pages\/3623","targetHints":{"allow":["GET"]}}],"collection":[{"href":"http:\/\/prim-clerval.ac-besancon.fr\/index.php?rest_route=\/wp\/v2\/pages"}],"about":[{"href":"http:\/\/prim-clerval.ac-besancon.fr\/index.php?rest_route=\/wp\/v2\/types\/page"}],"author":[{"embeddable":true,"href":"http:\/\/prim-clerval.ac-besancon.fr\/index.php?rest_route=\/wp\/v2\/users\/14"}],"replies":[{"embeddable":true,"href":"http:\/\/prim-clerval.ac-besancon.fr\/index.php?rest_route=%2Fwp%2Fv2%2Fcomments&post=3623"}],"version-history":[{"count":312,"href":"http:\/\/prim-clerval.ac-besancon.fr\/index.php?rest_route=\/wp\/v2\/pages\/3623\/revisions"}],"predecessor-version":[{"id":12719,"href":"http:\/\/prim-clerval.ac-besancon.fr\/index.php?rest_route=\/wp\/v2\/pages\/3623\/revisions\/12719"}],"wp:attachment":[{"href":"http:\/\/prim-clerval.ac-besancon.fr\/index.php?rest_route=%2Fwp%2Fv2%2Fmedia&parent=3623"}],"curies":[{"name":"wp","href":"https:\/\/api.w.org\/{rel}","templated":true}]}}